{"id":3704,"date":"2025-09-09T14:19:13","date_gmt":"2025-09-09T14:19:13","guid":{"rendered":"http:\/\/cultbikeroute.com\/landmarks\/manastir-moraca\/"},"modified":"2025-11-14T12:14:19","modified_gmt":"2025-11-14T12:14:19","slug":"monestery-moraca","status":"publish","type":"page","link":"https:\/\/cultbikeroute.com\/en\/cultural-heritage-sites\/monestery-moraca\/","title":{"rendered":"MONASTERY MORA\u010cA"},"content":{"rendered":"<div id=\"pl-3704\"  class=\"panel-layout\" ><div id=\"pg-3704-0\"  class=\"panel-grid panel-no-style\" ><div id=\"pgc-3704-0-0\"  class=\"panel-grid-cell\" ><div id=\"panel-3704-0-0-0\" class=\"so-panel widget widget_sow-editor panel-first-child panel-last-child\" data-index=\"0\" ><div\n\t\t\t\n\t\t\tclass=\"so-widget-sow-editor so-widget-sow-editor-base\"\n\t\t\t\n\t\t>\n<div class=\"siteorigin-widget-tinymce textwidget\">\n\t<p>&nbsp;<\/p>\n<h2>Cultural site: MONASTERY MORA\u010cA<\/h2>\n<\/div>\n<\/div><\/div><\/div><\/div><div id=\"pg-3704-1\"  class=\"panel-grid panel-no-style\" ><div id=\"pgc-3704-1-0\"  class=\"panel-grid-cell\" ><div id=\"panel-3704-1-0-0\" class=\"so-panel widget widget_media_image panel-first-child panel-last-child\" data-index=\"1\" ><img loading=\"lazy\" decoding=\"async\" width=\"656\" height=\"438\" src=\"https:\/\/cultbikeroute.com\/wp-content\/uploads\/2025\/09\/manastir-moraca.jpg\" class=\"image wp-image-3275  attachment-full size-full\" alt=\"\" style=\"max-width: 100%; height: auto;\" srcset=\"https:\/\/cultbikeroute.com\/wp-content\/uploads\/2025\/09\/manastir-moraca.jpg 656w, https:\/\/cultbikeroute.com\/wp-content\/uploads\/2025\/09\/manastir-moraca-300x200.jpg 300w, https:\/\/cultbikeroute.com\/wp-content\/uploads\/2025\/09\/manastir-moraca-600x401.jpg 600w, https:\/\/cultbikeroute.com\/wp-content\/uploads\/2025\/09\/manastir-moraca-272x182.jpg 272w\" sizes=\"auto, (max-width: 656px) 100vw, 656px\" \/><\/div><\/div><div id=\"pgc-3704-1-1\"  class=\"panel-grid-cell\" ><div id=\"panel-3704-1-1-0\" class=\"so-panel widget widget_sow-editor panel-first-child panel-last-child\" data-index=\"2\" ><div\n\t\t\t\n\t\t\tclass=\"so-widget-sow-editor so-widget-sow-editor-base\"\n\t\t\t\n\t\t>\n<div class=\"siteorigin-widget-tinymce textwidget\">\n\t<h3><strong>History<\/strong><\/h3>\n<p>The monastery church of the Assumption of the Mother of God was built by Stefan, son of Vukanov, in 1252, as evidenced by the carved inscription in the lunette of the main portal. At the beginning of the 16th century, the Turks ravaged the Monastery. Abbot Tama and Prince Vu\u010di\u0107 Vu\u010deti\u0107 from Rovac restored Mora\u010da in 1574. In the midst<\/p>\n<\/div>\n<\/div><\/div><\/div><\/div><div id=\"pg-3704-2\"  class=\"panel-grid panel-no-style\" ><div id=\"pgc-3704-2-0\"  class=\"panel-grid-cell\" ><div id=\"panel-3704-2-0-0\" class=\"so-panel widget widget_sow-editor panel-first-child panel-last-child\" data-index=\"3\" ><div\n\t\t\t\n\t\t\tclass=\"so-widget-sow-editor so-widget-sow-editor-base\"\n\t\t\t\n\t\t>\n<div class=\"siteorigin-widget-tinymce textwidget\">\n\t<p>of Turkish rule, the monastery was a significant political and cultural-educational center, especially in the 19th century.1 According to the recorded legend, the monastery was burned down in 1505 and was deserted until 1565 or 1570, when it was renovated. Decoration continued until the end of the 16th century and during the 17th century. Mora\u010da played a significant role in the 17th century.<\/p>\n<\/div>\n<\/div><\/div><\/div><\/div><div id=\"pg-3704-3\"  class=\"panel-grid panel-no-style\" ><div id=\"pgc-3704-3-0\"  class=\"panel-grid-cell\" ><div id=\"panel-3704-3-0-0\" class=\"so-panel widget widget_sow-editor panel-first-child panel-last-child\" data-index=\"4\" ><div\n\t\t\t\n\t\t\tclass=\"so-widget-sow-editor so-widget-sow-editor-base\"\n\t\t\t\n\t\t>\n<div class=\"siteorigin-widget-tinymce textwidget\">\n\t<h3>Cultural site details<\/h3>\n<p>The Mora\u010da Monastery consists of the central church of the Assumption of the Mother of God, the small church of St. Nikola from the 17th century, and the konak buildings, which together with the fence wall form a unique complex. The Church of the Mother of God is a single-nave domed building with characteristic side choirs, of the Raska type. Next to the spacious narthex is the chapel of St. Stephen on the north side. The material is small squares of whitewash, covered with plaster. In the exterior decoration of facades, portals, windows and in the appearance of a series of blind arcades, under the roof cornice, the presence of Romanesque is noticeable. The deacon's icon is a fragmentarily preserved original fresco, of high artistic value, with scenes from the life of the prophet Elijah. In the restoration from the 16th century, the church was painted again. The interior is complemented by authentic furniture, inserted royal doors and the Virgin's point.2 The church is plastered, which differs in many ways from some coastal churches in Montenegro and is built of yellow stone. A stream passes through the yard of the monastery, which then descends through the rocks and forms the miraculous waterfall Svetigora, which flows into Mora\u010da. Probably the most beautiful architectural detail in the monastery is the double doors at the entrance to the middle temple, which are partly made of ivory.<\/p>\n<\/div>\n<\/div><\/div><\/div><\/div><div id=\"pg-3704-4\"  class=\"panel-grid panel-no-style\" ><div id=\"pgc-3704-4-0\"  class=\"panel-grid-cell\" ><div id=\"panel-3704-4-0-0\" class=\"so-panel widget widget_sow-editor panel-first-child panel-last-child\" data-index=\"5\" ><div\n\t\t\t\n\t\t\tclass=\"so-widget-sow-editor so-widget-sow-editor-base\"\n\t\t\t\n\t\t>\n<div class=\"siteorigin-widget-tinymce textwidget\">\n\t<p>Moraca Monastery is a spiritual, historical and cultural treasure. In addition, it is surrounded by beautiful nature. In addition to architecture, a special attraction of the Mora\u010da monastery is its frescoes. Only a small part of the original painting from the 13th century has been preserved in the deaconry, where 11 compositions from the life of the prophet Elijah stand out with their monumentality and strength of expression. The fresco \"Raven feeds the prophet Elijah\", created in the 13th century, is the oldest and most famous fresco of the Mora\u010dka monastery. At the 1952 World's Fair in Paris, she won second place, and the famous Pablo Picasso included it in the masterpiece of world art.<\/p>\n<\/div>\n<\/div><\/div><\/div><\/div><div id=\"pg-3704-5\"  class=\"panel-grid panel-no-style\" ><div id=\"pgc-3704-5-0\"  class=\"panel-grid-cell\" ><div id=\"panel-3704-5-0-0\" class=\"so-panel widget widget_block panel-first-child panel-last-child\" data-index=\"6\" ><p><\/br><\/p>\n<\/div><\/div><\/div><\/div>","protected":false},"excerpt":{"rendered":"<p>The monastery church of the Assumption of the Mother of God was built by Stefan, son of Vukanov, in 1252, as evidenced by the carved inscription in the lunette of the main portal. At the beginning of the 16th century, the Turks ravaged the Monastery. Abbot Tama and Prince Vu\u010di\u0107 Vu\u010deti\u0107 from Rovac restored Mora\u010da in 1574. In the midst<\/p>\n","protected":false},"author":1,"featured_media":3705,"parent":3590,"menu_order":0,"comment_status":"closed","ping_status":"closed","template":"","meta":{"_acf_changed":false,"footnotes":""},"class_list":{"0":"post-3704","1":"page","2":"type-page","3":"status-publish","4":"has-post-thumbnail","6":"clearfix","7":"article"},"acf":[],"_links":{"self":[{"href":"https:\/\/cultbikeroute.com\/en\/wp-json\/wp\/v2\/pages\/3704","targetHints":{"allow":["GET"]}}],"collection":[{"href":"https:\/\/cultbikeroute.com\/en\/wp-json\/wp\/v2\/pages"}],"about":[{"href":"https:\/\/cultbikeroute.com\/en\/wp-json\/wp\/v2\/types\/page"}],"author":[{"embeddable":true,"href":"https:\/\/cultbikeroute.com\/en\/wp-json\/wp\/v2\/users\/1"}],"replies":[{"embeddable":true,"href":"https:\/\/cultbikeroute.com\/en\/wp-json\/wp\/v2\/comments?post=3704"}],"version-history":[{"count":4,"href":"https:\/\/cultbikeroute.com\/en\/wp-json\/wp\/v2\/pages\/3704\/revisions"}],"predecessor-version":[{"id":3714,"href":"https:\/\/cultbikeroute.com\/en\/wp-json\/wp\/v2\/pages\/3704\/revisions\/3714"}],"up":[{"embeddable":true,"href":"https:\/\/cultbikeroute.com\/en\/wp-json\/wp\/v2\/pages\/3590"}],"wp:featuredmedia":[{"embeddable":true,"href":"https:\/\/cultbikeroute.com\/en\/wp-json\/wp\/v2\/media\/3705"}],"wp:attachment":[{"href":"https:\/\/cultbikeroute.com\/en\/wp-json\/wp\/v2\/media?parent=3704"}],"curies":[{"name":"wp","href":"https:\/\/api.w.org\/{rel}","templated":true}]}}