{"id":3587,"date":"2016-10-07T11:00:28","date_gmt":"2016-10-07T11:00:28","guid":{"rendered":"http:\/\/cultbikeroute.com\/ruta\/"},"modified":"2025-11-14T12:14:21","modified_gmt":"2025-11-14T12:14:21","slug":"route","status":"publish","type":"page","link":"https:\/\/cultbikeroute.com\/en\/route\/","title":{"rendered":"Route"},"content":{"rendered":"<div id=\"pl-3587\"  class=\"panel-layout\" ><div id=\"pg-3587-0\"  class=\"panel-grid panel-no-style\" ><div id=\"pgc-3587-0-0\"  class=\"panel-grid-cell\" ><div id=\"panel-3587-0-0-0\" class=\"so-panel widget widget_sow-editor panel-first-child panel-last-child\" data-index=\"0\" ><div\n\t\t\t\n\t\t\tclass=\"so-widget-sow-editor so-widget-sow-editor-base\"\n\t\t\t\n\t\t>\n<div class=\"siteorigin-widget-tinymce textwidget\">\n\t<p><strong>CULTURAL CYCLING ROUTE<\/strong>: The cultural cycling route is 800 km long. It stretches across 14 municipalities of Montenegro and Serbia: Pljevlja, \u017dabljak, Mojkovac, Bijelo Polje, Kola\u0161in, Berane, Ro\u017eaje, Tutin, Sjenica, Novi Pazar, Ra\u0161ka, Ivanjica, Nova Varo\u0161, and Priboj. Along the route and within the territory of these municipalities, 40 valuable cultural and historical landmarks of the region have been identified, among which are the \u0110ur\u0111evi Stupovi and Gradac monasteries, the Gani\u0107a Kula Homeland Museum, the medieval town of Jagac, and the Husein Pasha Mosque.<\/p>\n<\/div>\n<\/div><\/div><\/div><\/div><div id=\"pg-3587-1\"  class=\"panel-grid panel-no-style\" ><div id=\"pgc-3587-1-0\"  class=\"panel-grid-cell\" ><div id=\"panel-3587-1-0-0\" class=\"so-panel widget widget_block panel-first-child panel-last-child\" data-index=\"1\" ><p><iframe loading=\"lazy\" src=\"https:\/\/www.google.com\/maps\/d\/embed?mid=18K0ljj6FEIe2uPh-Q46JrbXlUi9KQTs&ehbc=2E312F\" width=\"100%\" height=\"600px\"><\/iframe><\/p>\n<\/div><\/div><\/div><div id=\"pg-3587-2\"  class=\"panel-grid panel-no-style\" ><div id=\"pgc-3587-2-0\"  class=\"panel-grid-cell\" ><div id=\"panel-3587-2-0-0\" class=\"so-panel widget widget_text panel-first-child panel-last-child\" data-index=\"2\" ><h3 class=\"widget-title\"><span class=\"widget-title__inline\">Information about the route:<\/span><\/h3>\t\t\t<div class=\"textwidget\"><\/div>\n\t\t<\/div><\/div><\/div><div id=\"pg-3587-3\"  class=\"panel-grid panel-no-style\" ><div id=\"pgc-3587-3-0\"  class=\"panel-grid-cell\" ><div id=\"panel-3587-3-0-0\" class=\"so-panel widget widget_pw_special_offer widget-special-offer panel-first-child\" data-index=\"3\" >\t\t\t\t<div class=\"special-offer\">\n\t\t\t\t\t<div class=\"special-offer__image\">\n\t\t\t\t\t\t<img decoding=\"async\" class=\"img-fluid\" src=\"\" alt=\"\">\n\t\t\t\t\t\t<div class=\"special-offer__location\">\n\t\t\t\t\t\t\t<i class=\"fa \" aria-hidden=\"true\"><\/i> \t\t\t\t\t\t<\/div>\n\t\t\t\t\t<\/div>\n\t\t\t\t\t<div class=\"special-offer__content\">\n\t\t\t\t\t\t\t\t\t\t\t\t\t<div class=\"special-offer__price\">\n\t\t\t\t\t\t\t\tLength (km)\t\t\t\t\t\t\t<\/div>\n\t\t\t\t\t\t\t\t\t\t\t\t\t\t\t\t\t\t\t\t\t\t\t\t\t\t\t\t\t\t\t<p class=\"special-offer__text\">\n\t\t\t\t\t\t\t\t780\t\t\t\t\t\t\t<\/p>\n\t\t\t\t\t\t\t\t\t\t\t\t\t\t\t\t\t<\/div>\n\t\t\t\t<\/div>\n\n\t\t\t<\/div><div id=\"panel-3587-3-0-1\" class=\"so-panel widget widget_pw_special_offer widget-special-offer panel-last-child\" data-index=\"4\" >\t\t\t\t<div class=\"special-offer\">\n\t\t\t\t\t<div class=\"special-offer__image\">\n\t\t\t\t\t\t<img decoding=\"async\" class=\"img-fluid\" src=\"\" alt=\"\">\n\t\t\t\t\t\t<div class=\"special-offer__location\">\n\t\t\t\t\t\t\t<i class=\"fa \" aria-hidden=\"true\"><\/i> \t\t\t\t\t\t<\/div>\n\t\t\t\t\t<\/div>\n\t\t\t\t\t<div class=\"special-offer__content\">\n\t\t\t\t\t\t\t\t\t\t\t\t\t<div class=\"special-offer__price\">\n\t\t\t\t\t\t\t\tMaximum Climb (%)\t\t\t\t\t\t\t<\/div>\n\t\t\t\t\t\t\t\t\t\t\t\t\t\t\t\t\t\t\t\t\t\t\t\t\t\t\t\t\t\t\t<p class=\"special-offer__text\">\n\t\t\t\t\t\t\t\t15\t\t\t\t\t\t\t<\/p>\n\t\t\t\t\t\t\t\t\t\t\t\t\t\t\t\t\t<\/div>\n\t\t\t\t<\/div>\n\n\t\t\t<\/div><\/div><div id=\"pgc-3587-3-1\"  class=\"panel-grid-cell\" ><div id=\"panel-3587-3-1-0\" class=\"so-panel widget widget_pw_special_offer widget-special-offer panel-first-child\" data-index=\"5\" >\t\t\t\t<div class=\"special-offer\">\n\t\t\t\t\t<div class=\"special-offer__image\">\n\t\t\t\t\t\t<img decoding=\"async\" class=\"img-fluid\" src=\"\" alt=\"\">\n\t\t\t\t\t\t<div class=\"special-offer__location\">\n\t\t\t\t\t\t\t<i class=\"fa \" aria-hidden=\"true\"><\/i> \t\t\t\t\t\t<\/div>\n\t\t\t\t\t<\/div>\n\t\t\t\t\t<div class=\"special-offer__content\">\n\t\t\t\t\t\t\t\t\t\t\t\t\t<div class=\"special-offer__price\">\n\t\t\t\t\t\t\t\tMaximum Altitude (m)\t\t\t\t\t\t\t<\/div>\n\t\t\t\t\t\t\t\t\t\t\t\t\t\t\t\t\t\t\t\t\t\t\t\t\t\t\t\t\t\t\t<p class=\"special-offer__text\">\n\t\t\t\t\t\t\t\t1929\t\t\t\t\t\t\t<\/p>\n\t\t\t\t\t\t\t\t\t\t\t\t\t\t\t\t\t<\/div>\n\t\t\t\t<\/div>\n\n\t\t\t<\/div><div id=\"panel-3587-3-1-1\" class=\"so-panel widget widget_pw_special_offer widget-special-offer panel-last-child\" data-index=\"6\" >\t\t\t\t<div class=\"special-offer\">\n\t\t\t\t\t<div class=\"special-offer__image\">\n\t\t\t\t\t\t<img decoding=\"async\" class=\"img-fluid\" src=\"\" alt=\"\">\n\t\t\t\t\t\t<div class=\"special-offer__location\">\n\t\t\t\t\t\t\t<i class=\"fa \" aria-hidden=\"true\"><\/i> \t\t\t\t\t\t<\/div>\n\t\t\t\t\t<\/div>\n\t\t\t\t\t<div class=\"special-offer__content\">\n\t\t\t\t\t\t\t\t\t\t\t\t\t<div class=\"special-offer__price\">\n\t\t\t\t\t\t\t\tRide Duration (h)\t\t\t\t\t\t\t<\/div>\n\t\t\t\t\t\t\t\t\t\t\t\t\t\t\t\t\t\t\t\t\t\t\t\t\t\t\t\t\t\t\t<p class=\"special-offer__text\">\n\t\t\t\t\t\t\t\t105\t\t\t\t\t\t\t<\/p>\n\t\t\t\t\t\t\t\t\t\t\t\t\t\t\t\t\t<\/div>\n\t\t\t\t<\/div>\n\n\t\t\t<\/div><\/div><div id=\"pgc-3587-3-2\"  class=\"panel-grid-cell\" ><div id=\"panel-3587-3-2-0\" class=\"so-panel widget widget_pw_special_offer widget-special-offer panel-first-child\" data-index=\"7\" >\t\t\t\t<div class=\"special-offer\">\n\t\t\t\t\t<div class=\"special-offer__image\">\n\t\t\t\t\t\t<img decoding=\"async\" class=\"img-fluid\" src=\"\" alt=\"\">\n\t\t\t\t\t\t<div class=\"special-offer__location\">\n\t\t\t\t\t\t\t<i class=\"fa \" aria-hidden=\"true\"><\/i> \t\t\t\t\t\t<\/div>\n\t\t\t\t\t<\/div>\n\t\t\t\t\t<div class=\"special-offer__content\">\n\t\t\t\t\t\t\t\t\t\t\t\t\t<div class=\"special-offer__price\">\n\t\t\t\t\t\t\t\tMinimum Altitude (m)\t\t\t\t\t\t\t<\/div>\n\t\t\t\t\t\t\t\t\t\t\t\t\t\t\t\t\t\t\t\t\t\t\t\t\t\t\t\t\t\t\t<p class=\"special-offer__text\">\n\t\t\t\t\t\t\t\t383\t\t\t\t\t\t\t<\/p>\n\t\t\t\t\t\t\t\t\t\t\t\t\t\t\t\t\t<\/div>\n\t\t\t\t<\/div>\n\n\t\t\t<\/div><div id=\"panel-3587-3-2-1\" class=\"so-panel widget widget_pw_special_offer widget-special-offer panel-last-child\" data-index=\"8\" >\t\t\t\t<div class=\"special-offer\">\n\t\t\t\t\t<div class=\"special-offer__image\">\n\t\t\t\t\t\t<img decoding=\"async\" class=\"img-fluid\" src=\"\" alt=\"\">\n\t\t\t\t\t\t<div class=\"special-offer__location\">\n\t\t\t\t\t\t\t<i class=\"fa \" aria-hidden=\"true\"><\/i> \t\t\t\t\t\t<\/div>\n\t\t\t\t\t<\/div>\n\t\t\t\t\t<div class=\"special-offer__content\">\n\t\t\t\t\t\t\t\t\t\t\t\t\t<div class=\"special-offer__price\">\n\t\t\t\t\t\t\t\tRoute Difficulty\t\t\t\t\t\t\t<\/div>\n\t\t\t\t\t\t\t\t\t\t\t\t\t\t\t\t\t\t\t\t\t\t\t\t\t\t\t\t\t\t\t<p class=\"special-offer__text\">\n\t\t\t\t\t\t\t\tModerate\t\t\t\t\t\t\t<\/p>\n\t\t\t\t\t\t\t\t\t\t\t\t\t\t\t\t\t<\/div>\n\t\t\t\t<\/div>\n\n\t\t\t<\/div><\/div><div id=\"pgc-3587-3-3\"  class=\"panel-grid-cell\" ><div id=\"panel-3587-3-3-0\" class=\"so-panel widget widget_pw_special_offer widget-special-offer panel-first-child\" data-index=\"9\" >\t\t\t\t<div class=\"special-offer\">\n\t\t\t\t\t<div class=\"special-offer__image\">\n\t\t\t\t\t\t<img decoding=\"async\" class=\"img-fluid\" src=\"\" alt=\"\">\n\t\t\t\t\t\t<div class=\"special-offer__location\">\n\t\t\t\t\t\t\t<i class=\"fa \" aria-hidden=\"true\"><\/i> \t\t\t\t\t\t<\/div>\n\t\t\t\t\t<\/div>\n\t\t\t\t\t<div class=\"special-offer__content\">\n\t\t\t\t\t\t\t\t\t\t\t\t\t<div class=\"special-offer__price\">\n\t\t\t\t\t\t\t\tAltitude Difference (m)\t\t\t\t\t\t\t<\/div>\n\t\t\t\t\t\t\t\t\t\t\t\t\t\t\t\t\t\t\t\t\t\t\t\t\t\t\t\t\t\t\t<p class=\"special-offer__text\">\n\t\t\t\t\t\t\t\t15.310\t\t\t\t\t\t\t<\/p>\n\t\t\t\t\t\t\t\t\t\t\t\t\t\t\t\t\t<\/div>\n\t\t\t\t<\/div>\n\n\t\t\t<\/div><div id=\"panel-3587-3-3-1\" class=\"so-panel widget widget_pw_special_offer widget-special-offer panel-last-child\" data-index=\"10\" >\t\t\t\t<div class=\"special-offer\">\n\t\t\t\t\t<div class=\"special-offer__image\">\n\t\t\t\t\t\t<img decoding=\"async\" class=\"img-fluid\" src=\"\" alt=\"\">\n\t\t\t\t\t\t<div class=\"special-offer__location\">\n\t\t\t\t\t\t\t<i class=\"fa \" aria-hidden=\"true\"><\/i> \t\t\t\t\t\t<\/div>\n\t\t\t\t\t<\/div>\n\t\t\t\t\t<div class=\"special-offer__content\">\n\t\t\t\t\t\t\t\t\t\t\t\t\t<div class=\"special-offer__price\">\n\t\t\t\t\t\t\t\tRoute Base\t\t\t\t\t\t\t<\/div>\n\t\t\t\t\t\t\t\t\t\t\t\t\t\t\t\t\t\t\t\t\t\t\t\t\t\t\t\t\t\t\t<p class=\"special-offer__text\">\n\t\t\t\t\t\t\t\tDirt, Asphalt and Gravel\t\t\t\t\t\t\t<\/p>\n\t\t\t\t\t\t\t\t\t\t\t\t\t\t\t\t\t<\/div>\n\t\t\t\t<\/div>\n\n\t\t\t<\/div><\/div><\/div><\/div>","protected":false},"excerpt":{"rendered":"<p>CULTURAL CYCLING ROUTE: The cultural cycling route is 800 km long. It stretches across 14 municipalities of Montenegro and Serbia: Pljevlja, \u017dabljak, Mojkovac, Bijelo Polje, Kola\u0161in, Berane, Ro\u017eaje, Tutin, Sjenica, Novi Pazar, Ra\u0161ka, Ivanjica, Nova Varo\u0161, and Priboj. Along the route and within the territory of these municipalities, 40 valuable cultural and historical landmarks of &hellip;<\/p>\n","protected":false},"author":1,"featured_media":0,"parent":0,"menu_order":0,"comment_status":"closed","ping_status":"closed","template":"","meta":{"_acf_changed":false,"footnotes":""},"class_list":{"0":"post-3587","1":"page","2":"type-page","3":"status-publish","5":"clearfix","6":"article"},"acf":[],"_links":{"self":[{"href":"https:\/\/cultbikeroute.com\/en\/wp-json\/wp\/v2\/pages\/3587","targetHints":{"allow":["GET"]}}],"collection":[{"href":"https:\/\/cultbikeroute.com\/en\/wp-json\/wp\/v2\/pages"}],"about":[{"href":"https:\/\/cultbikeroute.com\/en\/wp-json\/wp\/v2\/types\/page"}],"author":[{"embeddable":true,"href":"https:\/\/cultbikeroute.com\/en\/wp-json\/wp\/v2\/users\/1"}],"replies":[{"embeddable":true,"href":"https:\/\/cultbikeroute.com\/en\/wp-json\/wp\/v2\/comments?post=3587"}],"version-history":[{"count":2,"href":"https:\/\/cultbikeroute.com\/en\/wp-json\/wp\/v2\/pages\/3587\/revisions"}],"predecessor-version":[{"id":3588,"href":"https:\/\/cultbikeroute.com\/en\/wp-json\/wp\/v2\/pages\/3587\/revisions\/3588"}],"wp:attachment":[{"href":"https:\/\/cultbikeroute.com\/en\/wp-json\/wp\/v2\/media?parent=3587"}],"curies":[{"name":"wp","href":"https:\/\/api.w.org\/{rel}","templated":true}]}}